{"id":2602,"date":"2017-06-21T15:54:02","date_gmt":"2017-06-21T13:54:02","guid":{"rendered":"https:\/\/valenciasaa.salesianos.edu\/parroquia\/?page_id=2602"},"modified":"2023-02-15T10:17:40","modified_gmt":"2023-02-15T08:17:40","slug":"evangelizacion","status":"publish","type":"page","link":"https:\/\/valenciasaa.salesianos.edu\/parroquia\/evangelizacion\/","title":{"rendered":"Evangelizaci\u00f3n"},"content":{"rendered":"<p>[et_pb_section fb_built=\u00bb1&#8243; fullwidth=\u00bbon\u00bb admin_label=\u00bbSecci\u00f3n\u00bb _builder_version=\u00bb4.16&#8243; background_image=\u00bbhttps:\/\/valenciasaa.salesianos.edu\/parroquia\/wp-content\/uploads\/sites\/6\/2017\/06\/01-EstatuaDB.jpg\u00bb global_colors_info=\u00bb{}\u00bb][et_pb_fullwidth_header title=\u00bbEvangelizaci\u00f3n\u00bb title_font_color=\u00bb#ffffff\u00bb module_class=\u00bbpagina-imagen-cabecera\u00bb _builder_version=\u00bb4.17.3&#8243; title_text_color=\u00bb#ffffff\u00bb title_font_size=\u00bb40px\u00bb background_color=\u00bbrgba(255, 255, 255, 0)\u00bb background_image=\u00bbhttps:\/\/valenciasaa.salesianos.edu\/parroquia\/wp-content\/uploads\/sites\/6\/2022\/10\/sanantonioabad.jpg\u00bb background_layout=\u00bblight\u00bb text_shadow_style=\u00bbpreset1&#8243; background_url=\u00bbhttp:\/\/webpiloto.salesianos.edu\/wp-content\/uploads\/2017\/02\/ImagenPAGINA01.png\u00bb global_colors_info=\u00bb{}\u00bb button_one_text_size__hover_enabled=\u00bboff\u00bb button_two_text_size__hover_enabled=\u00bboff\u00bb button_one_text_color__hover_enabled=\u00bboff\u00bb button_two_text_color__hover_enabled=\u00bboff\u00bb button_one_border_width__hover_enabled=\u00bboff\u00bb button_two_border_width__hover_enabled=\u00bboff\u00bb button_one_border_color__hover_enabled=\u00bboff\u00bb button_two_border_color__hover_enabled=\u00bboff\u00bb button_one_border_radius__hover_enabled=\u00bboff\u00bb button_two_border_radius__hover_enabled=\u00bboff\u00bb button_one_letter_spacing__hover_enabled=\u00bboff\u00bb button_two_letter_spacing__hover_enabled=\u00bboff\u00bb button_one_bg_color__hover_enabled=\u00bboff\u00bb button_two_bg_color__hover_enabled=\u00bboff\u00bb][\/et_pb_fullwidth_header][\/et_pb_section][et_pb_section fb_built=\u00bb1&#8243; admin_label=\u00bbSecci\u00f3n\u00bb module_class=\u00bbpagina-seccion-contenido\u00bb _builder_version=\u00bb4.16&#8243; custom_padding=\u00bb-4%|||\u00bb global_colors_info=\u00bb{}\u00bb][et_pb_row column_structure=\u00bb1_3,1_3,1_3&#8243; admin_label=\u00bbFila\u00bb module_class=\u00bbpagina-texto\u00bb _builder_version=\u00bb4.16&#8243; background_size=\u00bbinitial\u00bb background_position=\u00bbtop_left\u00bb background_repeat=\u00bbrepeat\u00bb global_colors_info=\u00bb{}\u00bb][et_pb_column type=\u00bb1_3&#8243; _builder_version=\u00bb4.16&#8243; custom_padding=\u00bb|||\u00bb global_colors_info=\u00bb{}\u00bb custom_padding__hover=\u00bb|||\u00bb][et_pb_blurb title=\u00bbBautismo\u00bb image=\u00bbhttps:\/\/valenciasaa.salesianos.edu\/parroquia\/wp-content\/uploads\/sites\/6\/2017\/10\/parr1-1.jpg\u00bb _builder_version=\u00bb4.16&#8243; header_font_size=\u00bb16px\u00bb text_orientation=\u00bbcenter\u00bb global_colors_info=\u00bb{}\u00bb]<\/p>\n<p style=\"text-align: justify;\">Los BAUTIZOS los celebramos el \u00faltimo domingo de mes a las 11h.<\/p>\n<p style=\"text-align: justify;\">Se mantiene un di\u00e1logo con los padres y se les invita a que participen en el cursillo que organiza la parroquia ese mismo s\u00e1bado a las 17h.<\/p>\n<p>[\/et_pb_blurb][\/et_pb_column][et_pb_column type=\u00bb1_3&#8243; _builder_version=\u00bb4.16&#8243; custom_padding=\u00bb|||\u00bb global_colors_info=\u00bb{}\u00bb custom_padding__hover=\u00bb|||\u00bb][et_pb_blurb title=\u00bbPrimera Comuni\u00f3n\u00bb image=\u00bbhttps:\/\/valenciasaa.salesianos.edu\/parroquia\/wp-content\/uploads\/sites\/6\/2017\/10\/parr2-1.jpg\u00bb _builder_version=\u00bb4.16&#8243; header_font_size=\u00bb16px\u00bb text_orientation=\u00bbcenter\u00bb global_colors_info=\u00bb{}\u00bb]<\/p>\n<p style=\"text-align: justify\">Se inicia con los ni\u00f1os y ni\u00f1as de 2\u00ba de primaria y reciben la PRIMERA COMUNI\u00d3N al final de tercero. Las sesiones de catequesis tienen lugar seg\u00fan la planificaci\u00f3n del <a href=\"https:\/\/valenciasaa.salesianos.edu\/iefcomfya\/\">Itinerario de Educaci\u00f3n en la Fe<\/a> (IEF) y son animadas por un grupo de catequistas.<\/p>\n<p style=\"text-align: justify\">La formaci\u00f3n y el seguimiento de los catequistas es responsabilidad del p\u00e1rroco. Los catequistas se re\u00fanen una vez al mes para programar y evaluar la catequesis. En los tiempos de Adviento y Cuaresma celebran un retiro de formaci\u00f3n y oraci\u00f3n<span style=\"font-size: 14px\">.<\/span><\/p>\n<p>[\/et_pb_blurb][\/et_pb_column][et_pb_column type=\u00bb1_3&#8243; _builder_version=\u00bb4.16&#8243; custom_padding=\u00bb|||\u00bb global_colors_info=\u00bb{}\u00bb custom_padding__hover=\u00bb|||\u00bb][et_pb_blurb title=\u00bbConfirmaci\u00f3n\u00bb image=\u00bbhttps:\/\/valenciasaa.salesianos.edu\/parroquia\/wp-content\/uploads\/sites\/6\/2017\/10\/parr3-1.jpg\u00bb _builder_version=\u00bb4.16&#8243; header_font_size=\u00bb16px\u00bb text_orientation=\u00bbcenter\u00bb global_colors_info=\u00bb{}\u00bb]<\/p>\n<p style=\"text-align: justify\">Hacer la catequesis de CONFIRMACI\u00d3N es una opci\u00f3n libre y voluntaria de los propios adolescentes que se comprometen a asistir a las sesiones de catequesis bajo su propia responsabilidad.<\/p>\n<p style=\"text-align: justify\">Los j\u00f3venes que quieren iniciar este camino lo hacen a trav\u00e9s del nuevo <a href=\"https:\/\/valenciasaa.salesianos.edu\/iefcomfya\/\">Itinerario de Educaci\u00f3n en la FE<\/a> (IEF) que se ofrece para todos los ambientes de la casa salesiana.<\/p>\n<p style=\"text-align: justify\">El sacramento se celebrar\u00e1 en nuestra parroquia en torno a la festividad de San Juan Bosco.<\/p>\n<p>[\/et_pb_blurb][\/et_pb_column][\/et_pb_row][et_pb_row column_structure=\u00bb1_3,1_3,1_3&#8243; admin_label=\u00bbFila\u00bb module_class=\u00bbpagina-texto\u00bb _builder_version=\u00bb4.16&#8243; background_size=\u00bbinitial\u00bb background_position=\u00bbtop_left\u00bb background_repeat=\u00bbrepeat\u00bb global_colors_info=\u00bb{}\u00bb][et_pb_column type=\u00bb1_3&#8243; _builder_version=\u00bb4.16&#8243; custom_padding=\u00bb|||\u00bb global_colors_info=\u00bb{}\u00bb custom_padding__hover=\u00bb|||\u00bb][et_pb_blurb title=\u00bbMatrimonio\u00bb image=\u00bbhttps:\/\/valenciasaa.salesianos.edu\/parroquia\/wp-content\/uploads\/sites\/6\/2017\/10\/parr4-1.jpg\u00bb _builder_version=\u00bb4.16&#8243; header_font_size=\u00bb16px\u00bb text_orientation=\u00bbcenter\u00bb global_colors_info=\u00bb{}\u00bb]<\/p>\n<p style=\"text-align: justify\">El sacramento del MATRIMONIO se prepara con los novios dialogando sobre su sentido cristiano y la preparaci\u00f3n para la celebraci\u00f3n del sacramento. Se requiere para su celebraci\u00f3n haber hecho el correspondiente cursillo de preparaci\u00f3n. La pareja puede elegir hacer la formaci\u00f3n en un fin de semana instensivo en la propia parroquia en torno al mes de febrero o en cualquiera de las sesiones que ofrecen las parroquias de la Archidi\u00f3cesis.<\/p>\n<p>[\/et_pb_blurb][\/et_pb_column][et_pb_column type=\u00bb1_3&#8243; _builder_version=\u00bb4.16&#8243; custom_padding=\u00bb|||\u00bb global_colors_info=\u00bb{}\u00bb custom_padding__hover=\u00bb|||\u00bb][et_pb_blurb title=\u00bbReconciliaci\u00f3n\u00bb image=\u00bbhttps:\/\/valenciasaa.salesianos.edu\/parroquia\/wp-content\/uploads\/sites\/6\/2017\/10\/parr5-1.jpg\u00bb _builder_version=\u00bb4.16&#8243; header_font_size=\u00bb16px\u00bb text_orientation=\u00bbcenter\u00bb global_colors_info=\u00bb{}\u00bb]<\/p>\n<p style=\"text-align: justify\">El sacramento de la RECONCILIACI\u00d3N se puede celebrar individualmente:<\/p>\n<ul>\n<li style=\"text-align: justify\">Por la ma\u00f1ana de 11h a 12.30h.<\/li>\n<li style=\"text-align: justify\">30 minutos antes de la misa de la tarde de martes a viernes (19.30h aprox)<\/li>\n<li style=\"text-align: justify\">Durante la eucarist\u00eda de las 20h del s\u00e1bado.<\/li>\n<li style=\"text-align: justify\">Los domingos durante la eucarist\u00eda de 12h y 13h.<\/li>\n<\/ul>\n<p style=\"text-align: justify\">En los tiempos de Adviento y Cuaresma se realiza una celebraci\u00f3n comunitaria del perd\u00f3n, con confesi\u00f3n y absoluci\u00f3n individual.<\/p>\n<p>[\/et_pb_blurb][\/et_pb_column][et_pb_column type=\u00bb1_3&#8243; _builder_version=\u00bb4.16&#8243; custom_padding=\u00bb|||\u00bb global_colors_info=\u00bb{}\u00bb custom_padding__hover=\u00bb|||\u00bb][et_pb_blurb title=\u00bbUnci\u00f3n de Enfermos\u00bb image=\u00bbhttps:\/\/valenciasaa.salesianos.edu\/parroquia\/wp-content\/uploads\/sites\/6\/2017\/10\/parr6-1.jpg\u00bb _builder_version=\u00bb4.16&#8243; header_font_size=\u00bb16px\u00bb text_orientation=\u00bbcenter\u00bb global_colors_info=\u00bb{}\u00bb]<\/p>\n<p style=\"text-align: justify\">La UNCI\u00d3N de los enfermos se realiza en los domicilios o en las cl\u00ednicas donde est\u00e1 el enfermo. En tiempo de Pascua se realiza una celebraci\u00f3n comunitaria del sacramento en la propia parroquia.<\/p>\n<p>[\/et_pb_blurb][\/et_pb_column][\/et_pb_row][\/et_pb_section]<\/p>\n","protected":false},"excerpt":{"rendered":"<p>Los BAUTIZOS los celebramos el \u00faltimo domingo de mes a las 11h. Se mantiene un di\u00e1logo con los padres y se les invita a que participen en el cursillo que organiza la parroquia ese mismo s\u00e1bado a las 17h.Se inicia con los ni\u00f1os y ni\u00f1as de 2\u00ba de primaria y reciben la PRIMERA COMUNI\u00d3N al [&hellip;]<\/p>\n","protected":false},"author":2,"featured_media":0,"parent":0,"menu_order":0,"comment_status":"closed","ping_status":"closed","template":"","meta":{"_et_pb_use_builder":"on","_et_pb_old_content":"","_et_gb_content_width":"","footnotes":""},"class_list":["post-2602","page","type-page","status-publish","hentry"],"yoast_head":"<!-- This site is optimized with the Yoast SEO plugin v27.4 - https:\/\/yoast.com\/product\/yoast-seo-wordpress\/ -->\n<title>Evangelizaci\u00f3n - Parroquia Salesiana San Antonio Abad<\/title>\n<meta name=\"robots\" content=\"index, follow, max-snippet:-1, max-image-preview:large, max-video-preview:-1\" \/>\n<link rel=\"canonical\" href=\"https:\/\/valenciasaa.salesianos.edu\/parroquia\/evangelizacion\/\" \/>\n<meta property=\"og:locale\" content=\"es_ES\" \/>\n<meta property=\"og:type\" content=\"article\" \/>\n<meta property=\"og:title\" content=\"Evangelizaci\u00f3n - Parroquia Salesiana San Antonio Abad\" \/>\n<meta property=\"og:description\" content=\"Los BAUTIZOS los celebramos el \u00faltimo domingo de mes a las 11h. Se mantiene un di\u00e1logo con los padres y se les invita a que participen en el cursillo que organiza la parroquia ese mismo s\u00e1bado a las 17h.Se inicia con los ni\u00f1os y ni\u00f1as de 2\u00ba de primaria y reciben la PRIMERA COMUNI\u00d3N al [&hellip;]\" \/>\n<meta property=\"og:url\" content=\"https:\/\/valenciasaa.salesianos.edu\/parroquia\/evangelizacion\/\" \/>\n<meta property=\"og:site_name\" content=\"Parroquia Salesiana San Antonio Abad\" \/>\n<meta property=\"article:modified_time\" content=\"2023-02-15T08:17:40+00:00\" \/>\n<meta name=\"twitter:card\" content=\"summary_large_image\" \/>\n<meta name=\"twitter:label1\" content=\"Tiempo de lectura\" \/>\n\t<meta name=\"twitter:data1\" content=\"3 minutos\" \/>\n<script type=\"application\/ld+json\" class=\"yoast-schema-graph\">{\"@context\":\"https:\\\/\\\/schema.org\",\"@graph\":[{\"@type\":\"WebPage\",\"@id\":\"https:\\\/\\\/valenciasaa.salesianos.edu\\\/parroquia\\\/evangelizacion\\\/\",\"url\":\"https:\\\/\\\/valenciasaa.salesianos.edu\\\/parroquia\\\/evangelizacion\\\/\",\"name\":\"Evangelizaci\u00f3n - Parroquia Salesiana San Antonio Abad\",\"isPartOf\":{\"@id\":\"https:\\\/\\\/valenciasaa.salesianos.edu\\\/parroquia\\\/#website\"},\"datePublished\":\"2017-06-21T13:54:02+00:00\",\"dateModified\":\"2023-02-15T08:17:40+00:00\",\"breadcrumb\":{\"@id\":\"https:\\\/\\\/valenciasaa.salesianos.edu\\\/parroquia\\\/evangelizacion\\\/#breadcrumb\"},\"inLanguage\":\"es\",\"potentialAction\":[{\"@type\":\"ReadAction\",\"target\":[\"https:\\\/\\\/valenciasaa.salesianos.edu\\\/parroquia\\\/evangelizacion\\\/\"]}]},{\"@type\":\"BreadcrumbList\",\"@id\":\"https:\\\/\\\/valenciasaa.salesianos.edu\\\/parroquia\\\/evangelizacion\\\/#breadcrumb\",\"itemListElement\":[{\"@type\":\"ListItem\",\"position\":1,\"name\":\"Portada\",\"item\":\"https:\\\/\\\/valenciasaa.salesianos.edu\\\/parroquia\\\/\"},{\"@type\":\"ListItem\",\"position\":2,\"name\":\"Evangelizaci\u00f3n\"}]},{\"@type\":\"WebSite\",\"@id\":\"https:\\\/\\\/valenciasaa.salesianos.edu\\\/parroquia\\\/#website\",\"url\":\"https:\\\/\\\/valenciasaa.salesianos.edu\\\/parroquia\\\/\",\"name\":\"Parroquia Salesiana San Antonio Abad\",\"description\":\"P\u00e1gina oficial de Salesianos San Antonio Abad Valencia\",\"potentialAction\":[{\"@type\":\"SearchAction\",\"target\":{\"@type\":\"EntryPoint\",\"urlTemplate\":\"https:\\\/\\\/valenciasaa.salesianos.edu\\\/parroquia\\\/?s={search_term_string}\"},\"query-input\":{\"@type\":\"PropertyValueSpecification\",\"valueRequired\":true,\"valueName\":\"search_term_string\"}}],\"inLanguage\":\"es\"}]}<\/script>\n<!-- \/ Yoast SEO plugin. -->","yoast_head_json":{"title":"Evangelizaci\u00f3n - Parroquia Salesiana San Antonio Abad","robots":{"index":"index","follow":"follow","max-snippet":"max-snippet:-1","max-image-preview":"max-image-preview:large","max-video-preview":"max-video-preview:-1"},"canonical":"https:\/\/valenciasaa.salesianos.edu\/parroquia\/evangelizacion\/","og_locale":"es_ES","og_type":"article","og_title":"Evangelizaci\u00f3n - Parroquia Salesiana San Antonio Abad","og_description":"Los BAUTIZOS los celebramos el \u00faltimo domingo de mes a las 11h. Se mantiene un di\u00e1logo con los padres y se les invita a que participen en el cursillo que organiza la parroquia ese mismo s\u00e1bado a las 17h.Se inicia con los ni\u00f1os y ni\u00f1as de 2\u00ba de primaria y reciben la PRIMERA COMUNI\u00d3N al [&hellip;]","og_url":"https:\/\/valenciasaa.salesianos.edu\/parroquia\/evangelizacion\/","og_site_name":"Parroquia Salesiana San Antonio Abad","article_modified_time":"2023-02-15T08:17:40+00:00","twitter_card":"summary_large_image","twitter_misc":{"Tiempo de lectura":"3 minutos"},"schema":{"@context":"https:\/\/schema.org","@graph":[{"@type":"WebPage","@id":"https:\/\/valenciasaa.salesianos.edu\/parroquia\/evangelizacion\/","url":"https:\/\/valenciasaa.salesianos.edu\/parroquia\/evangelizacion\/","name":"Evangelizaci\u00f3n - Parroquia Salesiana San Antonio Abad","isPartOf":{"@id":"https:\/\/valenciasaa.salesianos.edu\/parroquia\/#website"},"datePublished":"2017-06-21T13:54:02+00:00","dateModified":"2023-02-15T08:17:40+00:00","breadcrumb":{"@id":"https:\/\/valenciasaa.salesianos.edu\/parroquia\/evangelizacion\/#breadcrumb"},"inLanguage":"es","potentialAction":[{"@type":"ReadAction","target":["https:\/\/valenciasaa.salesianos.edu\/parroquia\/evangelizacion\/"]}]},{"@type":"BreadcrumbList","@id":"https:\/\/valenciasaa.salesianos.edu\/parroquia\/evangelizacion\/#breadcrumb","itemListElement":[{"@type":"ListItem","position":1,"name":"Portada","item":"https:\/\/valenciasaa.salesianos.edu\/parroquia\/"},{"@type":"ListItem","position":2,"name":"Evangelizaci\u00f3n"}]},{"@type":"WebSite","@id":"https:\/\/valenciasaa.salesianos.edu\/parroquia\/#website","url":"https:\/\/valenciasaa.salesianos.edu\/parroquia\/","name":"Parroquia Salesiana San Antonio Abad","description":"P\u00e1gina oficial de Salesianos San Antonio Abad Valencia","potentialAction":[{"@type":"SearchAction","target":{"@type":"EntryPoint","urlTemplate":"https:\/\/valenciasaa.salesianos.edu\/parroquia\/?s={search_term_string}"},"query-input":{"@type":"PropertyValueSpecification","valueRequired":true,"valueName":"search_term_string"}}],"inLanguage":"es"}]}},"_links":{"self":[{"href":"https:\/\/valenciasaa.salesianos.edu\/parroquia\/wp-json\/wp\/v2\/pages\/2602","targetHints":{"allow":["GET"]}}],"collection":[{"href":"https:\/\/valenciasaa.salesianos.edu\/parroquia\/wp-json\/wp\/v2\/pages"}],"about":[{"href":"https:\/\/valenciasaa.salesianos.edu\/parroquia\/wp-json\/wp\/v2\/types\/page"}],"author":[{"embeddable":true,"href":"https:\/\/valenciasaa.salesianos.edu\/parroquia\/wp-json\/wp\/v2\/users\/2"}],"replies":[{"embeddable":true,"href":"https:\/\/valenciasaa.salesianos.edu\/parroquia\/wp-json\/wp\/v2\/comments?post=2602"}],"version-history":[{"count":20,"href":"https:\/\/valenciasaa.salesianos.edu\/parroquia\/wp-json\/wp\/v2\/pages\/2602\/revisions"}],"predecessor-version":[{"id":3088,"href":"https:\/\/valenciasaa.salesianos.edu\/parroquia\/wp-json\/wp\/v2\/pages\/2602\/revisions\/3088"}],"wp:attachment":[{"href":"https:\/\/valenciasaa.salesianos.edu\/parroquia\/wp-json\/wp\/v2\/media?parent=2602"}],"curies":[{"name":"wp","href":"https:\/\/api.w.org\/{rel}","templated":true}]}}