{"id":2609,"date":"2017-06-21T22:51:35","date_gmt":"2017-06-21T20:51:35","guid":{"rendered":"https:\/\/valenciasaa.salesianos.edu\/parroquia\/?page_id=2609"},"modified":"2017-09-28T00:52:44","modified_gmt":"2017-09-27T22:52:44","slug":"grupos-parroquiales","status":"publish","type":"page","link":"https:\/\/valenciasaa.salesianos.edu\/parroquia\/grupos-parroquiales\/","title":{"rendered":"Grupos Parroquiales"},"content":{"rendered":"<p>[et_pb_section fb_built=\u00bb1&#8243; fullwidth=\u00bbon\u00bb admin_label=\u00bbSecci\u00f3n\u00bb _builder_version=\u00bb3.0.50&#8243; background_image=\u00bbhttps:\/\/valenciasaa.salesianos.edu\/parroquia\/wp-content\/uploads\/sites\/6\/2017\/06\/fondo-Grupos-Parroquiales-1.png\u00bb][et_pb_fullwidth_header title=\u00bbGrupos Parroquiales\u00bb title_font_color=\u00bb#ffffff\u00bb module_class=\u00bbpagina-imagen-cabecera\u00bb _builder_version=\u00bb3.0.76&#8243; title_font_size=\u00bb40px\u00bb background_image=\u00bbhttps:\/\/valenciasaa.salesianos.edu\/parroquia\/wp-content\/uploads\/sites\/6\/2017\/09\/igelsia-3.jpg\u00bb background_url=\u00bbhttp:\/\/webpiloto.salesianos.edu\/wp-content\/uploads\/2017\/02\/ImagenPAGINA01.png\u00bb][\/et_pb_fullwidth_header][\/et_pb_section][et_pb_section fb_built=\u00bb1&#8243; admin_label=\u00bbSecci\u00f3n\u00bb module_class=\u00bbpagina-seccion-contenido\u00bb _builder_version=\u00bb3.0.47&#8243; custom_padding=\u00bb-4%||39px|\u00bb][et_pb_row custom_padding=\u00bb20.375px|0px|0px|0px\u00bb parallax_method_1=\u00bboff\u00bb admin_label=\u00bbFila\u00bb module_class=\u00bbpagina-texto\u00bb _builder_version=\u00bb3.0.47&#8243; background_size=\u00bbinitial\u00bb background_position=\u00bbtop_left\u00bb background_repeat=\u00bbrepeat\u00bb _i=\u00bb0&#8243; _address=\u00bb1.0&#8243;][et_pb_column type=\u00bb4_4&#8243; _builder_version=\u00bb3.0.47&#8243; parallax=\u00bboff\u00bb parallax_method=\u00bboff\u00bb][et_pb_text admin_label=\u00bbTexto\u00bb _builder_version=\u00bb3.0.47&#8243; background_size=\u00bbinitial\u00bb background_position=\u00bbtop_left\u00bb background_repeat=\u00bbrepeat\u00bb _i=\u00bb0&#8243; _address=\u00bb1.0.0.0&#8243;]<\/p>\n<h2>Grupos Parroquiales<\/h2>\n<p class=\"\"><span style=\"font-size: 14px;\">Acci\u00f3n Cat\u00f3lica, C\u00e1ritas, Misiones-Manos Unidas, Grupos Eucarist\u00eda, Adoraci\u00f3n Nocturna, atenci\u00f3n a Enfermos y Ancianos, Cofrad\u00eda del Rosario, Hermandad de San Antonio Abad, Grupos de Catequesis.<\/span><\/p>\n<p><\/p>\n<p>[\/et_pb_text][\/et_pb_column][\/et_pb_row][\/et_pb_section]<\/p>\n","protected":false},"excerpt":{"rendered":"<p>Grupos Parroquiales Acci\u00f3n Cat\u00f3lica, C\u00e1ritas, Misiones-Manos Unidas, Grupos Eucarist\u00eda, Adoraci\u00f3n Nocturna, atenci\u00f3n a Enfermos y Ancianos, Cofrad\u00eda del Rosario, Hermandad de San Antonio Abad, Grupos de Catequesis.<\/p>\n","protected":false},"author":2,"featured_media":0,"parent":0,"menu_order":0,"comment_status":"closed","ping_status":"closed","template":"","meta":{"_et_pb_use_builder":"on","_et_pb_old_content":"","_et_gb_content_width":"","footnotes":""},"class_list":["post-2609","page","type-page","status-publish","hentry"],"yoast_head":"<!-- This site is optimized with the Yoast SEO plugin v27.4 - https:\/\/yoast.com\/product\/yoast-seo-wordpress\/ -->\n<title>Grupos Parroquiales - Parroquia Salesiana San Antonio Abad<\/title>\n<meta name=\"robots\" content=\"index, follow, max-snippet:-1, max-image-preview:large, max-video-preview:-1\" \/>\n<link rel=\"canonical\" href=\"https:\/\/valenciasaa.salesianos.edu\/parroquia\/grupos-parroquiales\/\" \/>\n<meta property=\"og:locale\" content=\"es_ES\" \/>\n<meta property=\"og:type\" content=\"article\" \/>\n<meta property=\"og:title\" content=\"Grupos Parroquiales - Parroquia Salesiana San Antonio Abad\" \/>\n<meta property=\"og:description\" content=\"Grupos Parroquiales Acci\u00f3n Cat\u00f3lica, C\u00e1ritas, Misiones-Manos Unidas, Grupos Eucarist\u00eda, Adoraci\u00f3n Nocturna, atenci\u00f3n a Enfermos y Ancianos, Cofrad\u00eda del Rosario, Hermandad de San Antonio Abad, Grupos de Catequesis.\" \/>\n<meta property=\"og:url\" content=\"https:\/\/valenciasaa.salesianos.edu\/parroquia\/grupos-parroquiales\/\" \/>\n<meta property=\"og:site_name\" content=\"Parroquia Salesiana San Antonio Abad\" \/>\n<meta property=\"article:modified_time\" content=\"2017-09-27T22:52:44+00:00\" \/>\n<meta name=\"twitter:card\" content=\"summary_large_image\" \/>\n<meta name=\"twitter:label1\" content=\"Tiempo de lectura\" \/>\n\t<meta name=\"twitter:data1\" content=\"1 minuto\" \/>\n<script type=\"application\/ld+json\" class=\"yoast-schema-graph\">{\"@context\":\"https:\\\/\\\/schema.org\",\"@graph\":[{\"@type\":\"WebPage\",\"@id\":\"https:\\\/\\\/valenciasaa.salesianos.edu\\\/parroquia\\\/grupos-parroquiales\\\/\",\"url\":\"https:\\\/\\\/valenciasaa.salesianos.edu\\\/parroquia\\\/grupos-parroquiales\\\/\",\"name\":\"Grupos Parroquiales - Parroquia Salesiana San Antonio Abad\",\"isPartOf\":{\"@id\":\"https:\\\/\\\/valenciasaa.salesianos.edu\\\/parroquia\\\/#website\"},\"datePublished\":\"2017-06-21T20:51:35+00:00\",\"dateModified\":\"2017-09-27T22:52:44+00:00\",\"breadcrumb\":{\"@id\":\"https:\\\/\\\/valenciasaa.salesianos.edu\\\/parroquia\\\/grupos-parroquiales\\\/#breadcrumb\"},\"inLanguage\":\"es\",\"potentialAction\":[{\"@type\":\"ReadAction\",\"target\":[\"https:\\\/\\\/valenciasaa.salesianos.edu\\\/parroquia\\\/grupos-parroquiales\\\/\"]}]},{\"@type\":\"BreadcrumbList\",\"@id\":\"https:\\\/\\\/valenciasaa.salesianos.edu\\\/parroquia\\\/grupos-parroquiales\\\/#breadcrumb\",\"itemListElement\":[{\"@type\":\"ListItem\",\"position\":1,\"name\":\"Portada\",\"item\":\"https:\\\/\\\/valenciasaa.salesianos.edu\\\/parroquia\\\/\"},{\"@type\":\"ListItem\",\"position\":2,\"name\":\"Grupos Parroquiales\"}]},{\"@type\":\"WebSite\",\"@id\":\"https:\\\/\\\/valenciasaa.salesianos.edu\\\/parroquia\\\/#website\",\"url\":\"https:\\\/\\\/valenciasaa.salesianos.edu\\\/parroquia\\\/\",\"name\":\"Parroquia Salesiana San Antonio Abad\",\"description\":\"P\u00e1gina oficial de Salesianos San Antonio Abad Valencia\",\"potentialAction\":[{\"@type\":\"SearchAction\",\"target\":{\"@type\":\"EntryPoint\",\"urlTemplate\":\"https:\\\/\\\/valenciasaa.salesianos.edu\\\/parroquia\\\/?s={search_term_string}\"},\"query-input\":{\"@type\":\"PropertyValueSpecification\",\"valueRequired\":true,\"valueName\":\"search_term_string\"}}],\"inLanguage\":\"es\"}]}<\/script>\n<!-- \/ Yoast SEO plugin. -->","yoast_head_json":{"title":"Grupos Parroquiales - Parroquia Salesiana San Antonio Abad","robots":{"index":"index","follow":"follow","max-snippet":"max-snippet:-1","max-image-preview":"max-image-preview:large","max-video-preview":"max-video-preview:-1"},"canonical":"https:\/\/valenciasaa.salesianos.edu\/parroquia\/grupos-parroquiales\/","og_locale":"es_ES","og_type":"article","og_title":"Grupos Parroquiales - Parroquia Salesiana San Antonio Abad","og_description":"Grupos Parroquiales Acci\u00f3n Cat\u00f3lica, C\u00e1ritas, Misiones-Manos Unidas, Grupos Eucarist\u00eda, Adoraci\u00f3n Nocturna, atenci\u00f3n a Enfermos y Ancianos, Cofrad\u00eda del Rosario, Hermandad de San Antonio Abad, Grupos de Catequesis.","og_url":"https:\/\/valenciasaa.salesianos.edu\/parroquia\/grupos-parroquiales\/","og_site_name":"Parroquia Salesiana San Antonio Abad","article_modified_time":"2017-09-27T22:52:44+00:00","twitter_card":"summary_large_image","twitter_misc":{"Tiempo de lectura":"1 minuto"},"schema":{"@context":"https:\/\/schema.org","@graph":[{"@type":"WebPage","@id":"https:\/\/valenciasaa.salesianos.edu\/parroquia\/grupos-parroquiales\/","url":"https:\/\/valenciasaa.salesianos.edu\/parroquia\/grupos-parroquiales\/","name":"Grupos Parroquiales - Parroquia Salesiana San Antonio Abad","isPartOf":{"@id":"https:\/\/valenciasaa.salesianos.edu\/parroquia\/#website"},"datePublished":"2017-06-21T20:51:35+00:00","dateModified":"2017-09-27T22:52:44+00:00","breadcrumb":{"@id":"https:\/\/valenciasaa.salesianos.edu\/parroquia\/grupos-parroquiales\/#breadcrumb"},"inLanguage":"es","potentialAction":[{"@type":"ReadAction","target":["https:\/\/valenciasaa.salesianos.edu\/parroquia\/grupos-parroquiales\/"]}]},{"@type":"BreadcrumbList","@id":"https:\/\/valenciasaa.salesianos.edu\/parroquia\/grupos-parroquiales\/#breadcrumb","itemListElement":[{"@type":"ListItem","position":1,"name":"Portada","item":"https:\/\/valenciasaa.salesianos.edu\/parroquia\/"},{"@type":"ListItem","position":2,"name":"Grupos Parroquiales"}]},{"@type":"WebSite","@id":"https:\/\/valenciasaa.salesianos.edu\/parroquia\/#website","url":"https:\/\/valenciasaa.salesianos.edu\/parroquia\/","name":"Parroquia Salesiana San Antonio Abad","description":"P\u00e1gina oficial de Salesianos San Antonio Abad Valencia","potentialAction":[{"@type":"SearchAction","target":{"@type":"EntryPoint","urlTemplate":"https:\/\/valenciasaa.salesianos.edu\/parroquia\/?s={search_term_string}"},"query-input":{"@type":"PropertyValueSpecification","valueRequired":true,"valueName":"search_term_string"}}],"inLanguage":"es"}]}},"_links":{"self":[{"href":"https:\/\/valenciasaa.salesianos.edu\/parroquia\/wp-json\/wp\/v2\/pages\/2609","targetHints":{"allow":["GET"]}}],"collection":[{"href":"https:\/\/valenciasaa.salesianos.edu\/parroquia\/wp-json\/wp\/v2\/pages"}],"about":[{"href":"https:\/\/valenciasaa.salesianos.edu\/parroquia\/wp-json\/wp\/v2\/types\/page"}],"author":[{"embeddable":true,"href":"https:\/\/valenciasaa.salesianos.edu\/parroquia\/wp-json\/wp\/v2\/users\/2"}],"replies":[{"embeddable":true,"href":"https:\/\/valenciasaa.salesianos.edu\/parroquia\/wp-json\/wp\/v2\/comments?post=2609"}],"version-history":[{"count":5,"href":"https:\/\/valenciasaa.salesianos.edu\/parroquia\/wp-json\/wp\/v2\/pages\/2609\/revisions"}],"predecessor-version":[{"id":2767,"href":"https:\/\/valenciasaa.salesianos.edu\/parroquia\/wp-json\/wp\/v2\/pages\/2609\/revisions\/2767"}],"wp:attachment":[{"href":"https:\/\/valenciasaa.salesianos.edu\/parroquia\/wp-json\/wp\/v2\/media?parent=2609"}],"curies":[{"name":"wp","href":"https:\/\/api.w.org\/{rel}","templated":true}]}}